{"id":145,"date":"2023-11-16T05:22:55","date_gmt":"2023-11-16T05:22:55","guid":{"rendered":"https:\/\/jackaraujo.com\/sitio\/?page_id=145"},"modified":"2026-02-28T23:09:48","modified_gmt":"2026-02-28T23:09:48","slug":"nueva-noviembre","status":"publish","type":"page","link":"https:\/\/jackaraujo.com\/sitio\/","title":{"rendered":""},"content":{"rendered":"\n\n\n\n\n\n\n\n\n\n\n\n{&#8220;title&#8221;:&#8221;&#8221;,&#8221;content&#8221;:&#8221;&#8221;}\n\n\n\n\n\n\n\n\n<h4 style=\"text-align: center; font-family: NeutraText-Bold;\"><strong style=\"color: rgb(255, 255, 255);\">&#8220;Lo que tu mente puede imaginar tu puedes realizar&#8221;<\/strong><\/h4>\n\n\n\n\n\n\n\n\n<h4><span style=\"color: rgb(255, 255, 255); font-family: NeutraText-Bold; font-weight: normal;\">Invitaci\u00f3n al 4to Foro Internacional sobre Contabilidad, Sustentabilidad y Cambio Climatico<\/span><\/h4>\n\n<h4><span style=\"color:#ffffff;font-family: NeutraText-Bold;\">Visita: WWW.SISCONSARHEC.COM<\/span><\/h4>\n\n\n\n\n\n\n\n\n\n\n\n\n<h4><span style=\"color: rgb(255, 255, 255); font-weight: normal;font-family: NeutraText-Bold\">Invitaci\u00f3n al Conversatorio &#8220;Coyuntura en Sostenibilidad&#8221;<\/span><\/h4>\n\n\n\n\n\n\n\n\n\n\n\n\n<h5 style=\"text-align: center; font-family: NeutraText-Bold;\"><strong style=\"color: rgb(255, 255, 255);\"><a href=\"https:\/\/jackaraujo.com\/cambioclimatico\/#amilkar\" style=\"color: rgb(255, 255, 255);\">22 DE ABRIL D\u00cdA MUNDIAL DE LA TIERRA.<\/a>&nbsp; &nbsp; &nbsp; &nbsp;<a href=\"https:\/\/jackaraujo.com\/cambioclimatico\/#amilkar\" style=\"color: rgb(255, 255, 255);\">Ver Mas<\/a><\/strong><\/h5>\n\n\n\n\n\n\n\n\n\n\n\n\n\n\n\n\n\n\n\n\n\n\n\n\n\n\n\n\n\n\n\n\n\n\n\n\n\n\n\n\n\n\n\n\n\n\n\n\n\n\n\n\n\n\n\n\n\n\n\n\n\n<h5 style=\"text-align: center; font-family: NeutraText-Bold;\"><strong style=\"color: rgb(255, 255, 255);\">CONTABILIDAD, MEDIO AMBIENTE Y CAMBIO CLIM\u00c1TICO<\/strong><\/h5>\n\n\n\n\n\n\n\n\n\n<h5 style=\"text-align: center; font-family: NeutraText-Bold;\"><strong style=\"color: rgb(255, 255, 255);\">AFICHES DE NACIONES UNIDAS #ClimateAction<\/strong><\/h5>\n\n\n\n\n\n\n\n\n\n\n\n\n<h5 style=\"text-align: center; font-family: NeutraText-Bold;\"><strong style=\"color: rgb(255, 255, 255);\">GALERIAS<\/strong><\/h5>\n\n\n\n\n\n\n\n\n\n\n\n\n<h5 style=\"text-align: center; font-family: NeutraText-Bold;\"><strong style=\"color: rgb(255, 255, 255);\">CONFERENCIAS CAMBIO CLIM\u00c1TICO<\/strong><\/h5>\n\n\n\n\n\n\n<h6 style=\"text-align: center; font-family: NeutraText-Book;\">La contabilidad del cambio clim\u00e1tico<\/h6>\n\n\n\n\n<h6 style=\"text-align: center; font-family: NeutraText-Book;\">El cambio clim\u00e1tico y la transici\u00f3n energ\u00e9tica. Perspectiva global y colombiana<\/h6>\n\n\n\n\n<h6 style=\"text-align: center; font-family: NeutraText-Book;\">Martes con la Academia. Los informes no financieros.<\/h6>\n\n\n\n\n\n<h6 style=\"text-align: center; font-family: NeutraText-Book;\"><span style=\"font-weight: normal;\">Dia Mundial del Medio Ambiente<\/span><\/h6>\n\n\n\n\n\n\n\n\n\n\n\n\n\n<h5 style=\"text-align: center; font-family: NeutraText-Bold;\"><strong style=\"color: rgb(255, 255, 255);\">SITIO SOBRE CONTABILIDAD, MEDIO AMBIENTE Y CAMBIO CLIM\u00c1TICO<\/strong><\/h5>\n\n\n\n\n\n\n\n\n\n\n\n\n\n\n\n\n\n\n\n\n\n\n\n\n\n\n\n\n\n\n\n<p>Lorem Ipsum has been the industry&#8217;s standard dummy text ever since the 1500s.<\/p>\n\n\n\n\n\n\n\n\n\n\n\n\n\n\n\n\n\n\n\n\n\n\n\n\n\n<h5 style=\"text-align: center; font-family: NeutraText-Bold;\"><strong style=\"color: rgb(255, 255, 255);\">EVENTOS<\/strong><\/h5>\n\n\n\n\n\n\n\n\n\n\n\n\n\n\n\n\n\n\n\n\n\n\n\n\n\n\n\n\n\n\n\n\n\n\n\n\n\n\n<h5 style=\"text-align: center; font-family: NeutraText-Bold; color: rgb(255, 255, 255);\"><strong style=\"color: rgb(255, 255, 255);\">REVISORIA FISCAL Y&nbsp;<\/strong>NEOLIBERALISMO<\/h5>\n\n\n\n\n\n\n\n\n\n\n<h6 style=\"text-align: center; font-family: NeutraText-Book;\"><span style=\"font-weight: normal;\">Reforma de la Ley 43 de 1990 Y La Ley 1314 de 2009 &#8211; XXI Congreso Colombiano de Contadores P\u00fablicos.<\/span><\/h6>\n\n\n\n<h6 style=\"text-align: center; font-family: NeutraText-Book;\"><span style=\"font-weight: normal;\">Conferencia Por que Si a la Revisor\u00eda fiscal y No a la auditoria externa<\/span><\/h6>\n\n\n\n<h6 style=\"text-align: center; font-family: NeutraText-Book;\"><span style=\"font-weight: normal;\">En Defensa de La Profesi\u00f3n<\/span><\/h6>\n\n\n\n\n<h6 style=\"text-align: center; font-family: NeutraText-Book;\">Neoliberalismo, Contadur\u00eda P\u00fablica y Reforma a la Ley 43 de 1990<\/h6>\n\n\n\n\n\n\n\n\n\n\n\n\n\n<h5 style=\"text-align: center; font-family: NeutraText-Bold;\"><strong style=\"color: rgb(255, 255, 255);\">D\u00edA DEL CONTADOR P\u00daBLICO COLOMBIANO<\/strong><\/h5>\n\n\n\n\n\n\n\n\n\n\n\n\n\n\n\n\n\n\n\n<h6 style=\"text-align: center; font-family: NeutraText-Book;\">Comunicado que hice llegar hace d\u00edas a la Comunidad Contable de Nuestro Pais.<\/h6>\n\n\n\n\n<h6 style=\"text-align: center; font-family: NeutraText-Book;\">\u00bfPor qu\u00e9 el Primero de Marzo es el D\u00eda del Contador P\u00fablico Colombiano? &#8211; 2021<\/h6>\n\n\n\n\n\n\n\n<h4>\n\n<\/h4><h4><br><\/h4>\n\n\n\n\n<h5 style=\"text-align: center; font-family: NeutraText-Bold;\"><strong style=\"color: rgb(255, 255, 255);\">EN VIVO<\/strong><\/h5>\n\n\n\n\n\n\n\n\n\n\n\n\n\n\n\n\n\n\n\n\n\n\n\n<h5 style=\"text-align: center; font-family: NeutraText-Bold;\"><strong style=\"color: rgb(255, 255, 255);\">PORTAFOLIO DE PRODUCTOS Y SERVICIOS<\/strong><\/h5>\n\n\n\n\n\n\n\n\n\n\n\n\n\n\n\n\n\n<h5 style=\"text-align: center; font-family: NeutraText-Bold;\"><strong style=\"color: rgb(255, 255, 255);\">LIBROS ELECTR\u00d3NICOS<\/strong><\/h5>\n\n\n\n\n\n\n\n\n\n\n\n\n\n<h5 style=\"text-align: center; font-family: NeutraText-Bold;\"><strong style=\"color: rgb(255, 255, 255);\">AUDIOS<\/strong><\/h5>\n\n\n\n\n\n<h6 style=\"text-align: center; font-family: NeutraText-Book;\"><span style=\"font-weight: normal;\">La Nueva Realidad Informaci\u00f3n Contable vs Conocimiento<\/span><\/h6>\n{&#8220;title&#8221;:&#8221;&#8221;,&#8221;content&#8221;:&#8221;<figure class=\\\"mejs-container mejs-container-keyboard-inactive wp-audio-shortcode mejs-audio\\\"><audio controls=\\\"\\\" src=\\\"https:\/\/www.jackaraujo.com\/audioconferencias\/La-Nueva-Realidad-Informacion-Contable-Vs-Conocimiento.128.mp3\\\"><\/audio><\/figure>&#8220;}\n\n\n\n<h6 style=\"text-align: center; font-family: NeutraText-Book;\"><span style=\"font-weight: normal;\">Conferencia Contabilidad Social y Ambiental <\/span><\/h6>\n{&#8220;title&#8221;:&#8221;&#8221;,&#8221;content&#8221;:&#8221;<figure class=\\\"mejs-container mejs-container-keyboard-inactive wp-audio-shortcode mejs-audio\\\"><audio controls=\\\"\\\" src=\\\"https:\/\/www.jackaraujo.com\/audioconferencias\/Conferencia-Contabilidad-Social-y-Ambiental.128.mp3\\\"><\/audio><\/figure>&#8220;}\n\n\n\n<h6 style=\"text-align: center; font-family: NeutraText-Book;\"><span style=\"font-weight: normal;\">La Contabilidad del Cambio Clim\u00e1tico ( 2024 )<\/span><\/h6>\n{&#8220;title&#8221;:&#8221;&#8221;,&#8221;content&#8221;:&#8221;<figure class=\\\"mejs-container mejs-container-keyboard-inactive wp-audio-shortcode mejs-audio\\\"><audio controls=\\\"\\\" src=\\\"https:\/\/www.jackaraujo.com\/audioconferencias\/2024JARAUJO-LACONTABILIDADDELCAMBIOCLIMATICO64kbps.mp3\\\"><\/audio><\/figure>&#8220;}\n\n\n\n\n\n\n\n\n\n\n\n\n\n\n\n\n\n<h5 style=\"text-align: center; font-family: NeutraText-Bold;\"><strong style=\"color: rgb(255, 255, 255);\">REDES SOCIALES<\/strong><\/h5>\n\n\n\n\n\n\n<p><br class=\"Apple-interchange-newline\"><span style=\"color: rgb(60, 57, 80); font-family: Poppins; font-size: 28px; font-weight: 600; letter-spacing: 1.4px; text-transform: uppercase;\">S\u00cdGUENOS<\/span><br style=\"box-sizing: border-box; color: rgb(60, 57, 80); font-family: Poppins; font-size: 28px; font-weight: 600; letter-spacing: 1.4px; text-transform: uppercase;\"><span style=\"color: rgb(60, 57, 80); font-family: Poppins; font-size: 28px; font-weight: 600; letter-spacing: 1.4px; text-transform: uppercase;\">EN NUESTRAS<\/span><br style=\"box-sizing: border-box; color: rgb(60, 57, 80); font-family: Poppins; font-size: 28px; font-weight: 600; letter-spacing: 1.4px; text-transform: uppercase;\"><span style=\"color: rgb(60, 57, 80); font-family: Poppins; font-size: 28px; font-weight: 600; letter-spacing: 1.4px; text-transform: uppercase;\">REDES SOCIALES<\/span><br><\/p>\n\n\n\n\n\n\n\n\n\n\n\n\n\n\n\n\n\n\n\n\n\n<h6 style=\"text-align: justify; font-family: NeutraText-Book;\"><strong style=\"color: rgb();\">JACK ARAUJO CENTRO DE FORMACION CONTINUADA VIRTUAL  <\/strong><span style=\"font-weight: normal;\">es una Instituci\u00f3n dedicada, desde el 2007 , a la Investigaci\u00f3n y a la producci\u00f3n de conocimiento cient\u00edfico, t\u00e9cnico e innovador en materia de contabilidad y contadur\u00eda publica, financiera y no financiera, social, ambiental, y del cambio clim\u00e1tico.<\/span><\/h6>\n\n\n\n\n<span style=\"color: rgb(6, 7, 9); font-family: NeutraText-Book; font-size: 20px; text-align: center;\">Cambio Clim\u00e1tico<\/span>\n<span style=\"color: rgb(6, 7, 9); font-family: NeutraText-Book; font-size: 20px; text-align: center;\">Primero de Marzo<\/span>\n<span style=\"color: rgb(6, 7, 9); font-family: NeutraText-Book; font-size: 20px; text-align: center;\">Eventos<\/span>\n<span style=\"color: rgb(6, 7, 9); font-family: NeutraText-Book; font-size: 20px; text-align: center;\">Libros Digitales<\/span>\n<span style=\"color: rgb(6, 7, 9); font-family: NeutraText-Book; font-size: 20px; text-align: center;\">Contabilidad Social<\/span>\n\n<h5><span style=\"color:#ffffff;\">#d51317.&nbsp; &nbsp;#30505b&nbsp;#051e27ff&nbsp;#9f0e0eff.&nbsp; &nbsp;#348108ff<\/span><br><\/h5>\n\n\n<h3 style=\"color: rgb(230, 0, 0);\"><strong>Cont\u00e1ctenos<\/strong>&nbsp;<\/h3>\n<h6 style=\"font-weight: var(--font-secondary-bold); font-family: NeutraText-Book; text-align: left;\"><span style=\"font-weight: var(--font-primary-bold);\">CELULAR<\/span><\/h6>\n<p><span style=\"color: rgb(6, 7, 9); font-family: NeutraText-Book; font-size: 20px; text-align: center;\">+57 3006461978 COLOMBIA<\/span><\/p>\n<h6 style=\"font-weight: var(--font-secondary-bold); font-family: NeutraText-Book; text-align: left;\">EMAIL<\/h6>\n<p><span style=\"color: rgb(6, 7, 9); font-family: NeutraText-Book; font-size: 20px; text-align: center;\">jackensuncho@gmail.com<\/span><\/p>\n<h6 style=\"font-family: NeutraText-Book; text-align: left;\"><strong>CIUDAD<\/strong><\/h6>\n<p><span style=\"color: rgb(6, 7, 9); font-family: NeutraText-Book; font-size: 20px; text-align: center;\">Envigado, Antioquia<\/span><\/p>\n\n\n\n\n\n\n\n\n\n\n\n\n\n\n\n\n\n\n\n\n<h4 style=\"color: rgb(255, 255, 255);\">Subir<\/h4>\n\n\n","protected":false},"excerpt":{"rendered":"","protected":false},"author":1,"featured_media":0,"parent":0,"menu_order":0,"comment_status":"closed","ping_status":"closed","template":"","meta":{"footnotes":""},"class_list":["post-145","page","type-page","status-publish","hentry"],"_links":{"self":[{"href":"https:\/\/jackaraujo.com\/sitio\/wp-json\/wp\/v2\/pages\/145","targetHints":{"allow":["GET"]}}],"collection":[{"href":"https:\/\/jackaraujo.com\/sitio\/wp-json\/wp\/v2\/pages"}],"about":[{"href":"https:\/\/jackaraujo.com\/sitio\/wp-json\/wp\/v2\/types\/page"}],"author":[{"embeddable":true,"href":"https:\/\/jackaraujo.com\/sitio\/wp-json\/wp\/v2\/users\/1"}],"replies":[{"embeddable":true,"href":"https:\/\/jackaraujo.com\/sitio\/wp-json\/wp\/v2\/comments?post=145"}],"version-history":[{"count":925,"href":"https:\/\/jackaraujo.com\/sitio\/wp-json\/wp\/v2\/pages\/145\/revisions"}],"predecessor-version":[{"id":1442,"href":"https:\/\/jackaraujo.com\/sitio\/wp-json\/wp\/v2\/pages\/145\/revisions\/1442"}],"wp:attachment":[{"href":"https:\/\/jackaraujo.com\/sitio\/wp-json\/wp\/v2\/media?parent=145"}],"curies":[{"name":"wp","href":"https:\/\/api.w.org\/{rel}","templated":true}]}}