{"id":43,"date":"2024-03-01T10:25:33","date_gmt":"2024-03-01T10:25:33","guid":{"rendered":"https:\/\/jackaraujo.com\/primeromarzo\/?page_id=43"},"modified":"2024-03-01T11:33:19","modified_gmt":"2024-03-01T11:33:19","slug":"articulos","status":"publish","type":"page","link":"https:\/\/jackaraujo.com\/primeromarzo\/articulos\/","title":{"rendered":"ARTICULOS"},"content":{"rendered":"\n\n\n<h2><strong>ARTICULOS SOBRE EL PRIMERO DE MARZO<\/strong><\/h2>\n\n\n\n\nCumple 43 a\u00f1os la celebraci\u00f3n del d\u00eda del contador p\u00fablico colombiano. Muchas son las experiencias recogidas en ese per\u00edodo. Es comprensible entonces que en un espacio tan corto, como son estas pocas p\u00e1ginas, solo cabr\u00eda lo esencial de lo esencial. Intentaremos esa haza\u00f1a.\n\n\n\n\n<p style=\"text-align: justify;\"><strong style=\"color: rgb(230, 0, 0);\">Cumple 49 a\u00f1os<\/strong> la celebraci\u00f3n del <span style=\"color:#000000;\"><strong>d\u00eda del contador p\u00fablico colombiano.<\/strong><\/span>  <br>Muchas son las experiencias recogidas en\nese per\u00edodo. Es comprensible entonces que en un espacio tan corto, como son estas pocas p\u00e1ginas, solo cabr\u00eda lo\nesencial de lo esencial. Intentaremos esa haza\u00f1a. <br>\nFue en el aula m\u00e1xima de la Universidad de Antioquia, El Paraninfo de San Ignacio, como se le conoce\ntradicionalmente, donde tuvo lugar la acertada e hist\u00f3rica decisi\u00f3n de aprobar la celebraci\u00f3n de El D\u00eda del Contador\nP\u00fablico Colombiano, durante la Reuni\u00f3n Nacional de Juntas Directivas de Agremiaciones de Contadores de todo el\npa\u00eds, durante los d\u00edas marzo 1 y 2 de 1975. Los contadores p\u00fablicos Jack Araujo y Eli\u00e9cer Maya tuvieron entonces la\nvisi\u00f3n para proponerle esa idea a los contadores p\u00fablicos all\u00ed reunidos, la cual fue un\u00e1nimemente acogida y\nfuertemente aplaudida.\nEn un Bolet\u00edn de la \u00e9poca de \u201cAdecont\u00ed\u201d ( as\u00ed se llamaba la instituci\u00f3n que luego, y desde 1980, pas\u00f3 a llamarse\nColegio Colombiano de Contadores P\u00fablicos) se lee lo siguiente: \u201cEsta fecha cl\u00e1sica de los profesionales de la\ncontadur\u00eda en Colombia tiene como finalidad elevar nuestra voz de protesta contra el monopolio que ocho firmas\nnorteamericanas de auditoria ejercen en nuestro pa\u00eds [\u2026] Este monopolio lo ejercen sin ning\u00fan control, dado que\nnuestra legislaci\u00f3n vigente, en materia de contadur\u00eda p\u00fablica, es burlada por ellos ol\u00edmpicamente como si no existiera\n[\u2026] En consecuencia, los profesionales contadores p\u00fablicos colombianos nos vemos impedidos para el ejercicio\nprofesional al encontrar un mercado completamente acaparado por estas firmas extranjeras.\u201d Otra raz\u00f3n para celebrar\nesta fecha ( marzo 1 ) lo constituy\u00f3 el abandonar la celebraci\u00f3n que entonces se hacia del d\u00eda del Contador Americano.\nAfortunadamente, nadie, ni agremiaci\u00f3n alguna, se acuerda de ello.\nHoy, 43 a\u00f1os despu\u00e9s, las cosas se mantienen intacta en materia de ese monopolio profesional, pero han cambiado\nsignificativamente en otros campos, tales como el acad\u00e9mico, t\u00e9cnico y cient\u00edfico. Creo que en este sentido es mucho\nlo que se ha logrado avanzar hacia una profesi\u00f3n mas independiente y aut\u00f3noma de la influencia extranjera de tipo\npragm\u00e1tico, es decir, anglosaj\u00f3n . Algunos ejemplos de ello son: el mismo d\u00eda del contador p\u00fablico que ha tenido un\nreconocimiento no solo profesional sino tambi\u00e9n social. En el pa\u00eds, este d\u00eda es ampliamente conocido y celebrado. Son\ncientos, por no decir miles, las formas de celebrarlo, tanto en las universidades con actos acad\u00e9micos, como en las\nempresas con actos sociales de reconocimiento a la labor que en ellas cumple este profesional.\nTambi\u00e9n son muchos los logros obtenidos en la profesi\u00f3n desde ese d\u00eda cuando decidimos radicalizar la lucha contra\nlas firmas extranjeras de auditoria. Por ejemplo: La investigaci\u00f3n contable pas\u00f3 de ser una actividad acometida solo\npor unos pocos investigadores a ser una pr\u00e1ctica generalizada en las universidades y en las empresas mismas, exigida,\ninclusive, por el Icfes. Hoy en d\u00eda se impulsa la pr\u00e1ctica de la Contabilidad Social y Ambiental, la cual adquiere cada\nd\u00eda una mayor audiencia y compromiso de parte de la profesi\u00f3n contable, las universidades y las empresas mismas. Es\nseguro que muy pronto ser\u00e1 una exigencia legal. Igualmente, se impulsa un cambio radical hacia una Formaci\u00f3n\nIntegral del Contador P\u00fablico, o sea, hacia un contador que sepa hacer, ser y conocer para que sea un profesional de\n\u00e9xito, feliz y aut\u00f3nomo, es decir, imaginativo y creativo\nTodos estos temas son la materia prima en las discusiones que se suscitan en los eventos que tienen lugar en la\ncelebraci\u00f3n de este d\u00eda que llena de orgullo y genera en cada uno de los contadores p\u00fablicos un sentimiento especial\nen defensa de su profesi\u00f3n y que los honra al sentirse miembros de la misma. Sobre todo hoy cuando las firmas\ntransnacionales de auditoria en asocio con los organismos multilaterales como la IFAC, IASB, la ONU, etc est\u00e1n\nejerciendo una ofensiva para acabar con la profesi\u00f3n contable en nuestro pa\u00eds, al pretender eliminar la normatividad\ncontable vigente, as\u00ed como la Revisor\u00eda Fiscal e imponernos a cambio las llamadas Normas Internacionales de\nInformaci\u00f3n Financiera (NIIF) y las de Auditoria (NIAS). <br>\nFelicitaciones contadores p\u00fablicos en tu d\u00eda<\/p> <br>\n\n\n\n\n\n\nCon motivo de celebrarse ma\u00f1ana 1\u00ba DE MARZO, EL D\u00cdA DEL CONTADOR P\u00daBLICO COLOMBIANO, me permito hacer la siguiente reflexi\u00f3n acerca de nuestra profesi\u00f3n.\n\n\n\n\n<p style=\"text-align: justify;\"><strong> <span style=\"color:#000000;\">Fecha: 29 de Febrero 2024<\/span><\/strong><strong> <\/strong>\n\n<span style=\"color:#e60000;\"><strong>Rese\u00f1a hist\u00f3rica de La Contadur\u00eda P\u00fablica en Colombia.<\/strong><br><\/span>\n\nCon motivo de celebrarse ma\u00f1ana 1\u00ba DE MARZO, EL D\u00cdA DEL CONTADOR P\u00daBLICO COLOMBIANO, me permito hacer la siguiente reflexi\u00f3n acerca de nuestra profesi\u00f3n. <br>\n\nUna mirada retrospectiva de la Contadur\u00eda P\u00fablica en Colombia nos muestra que \u00e9sta es una profesi\u00f3n de reciente aparici\u00f3n en el escenario nacional, aun cuando de vieja data a nivel mundial. <br>\n\nSus antecedentes m\u00e1s lejanos, inclusive antes de Cristo, la identifican como un sistema de registro de las actividades econ\u00f3micas financiera de las empresas. M\u00e1s recientemente, en el siglo XIX esta misma actividad contable da lugar a lo que hoy llamamos Contadur\u00eda P\u00fablica reglamentada por primera vez en Inglaterra. A finales de ese mismo siglo, se reglamenta en los Estados Unidos de Am\u00e9rica y a comienzos de siglo XX aparece en Colombia, aun sin reglamentar, ya que ello se hizo por primera vez en 1931.Ese a\u00f1o, el Gobierno Nacional exigi\u00f3 a las empresas sociedades an\u00f3nimas el nombramiento de un Revisor Fiscal, quien deb\u00eda ser un contador juramentado. Por \u201cerrores juridicos\u201d, esta reglamentaci\u00f3n fu\u00e9 declarada inconstitucional. <br>\n\nEl surgimiento de esta pr\u00e1ctica profesional se debi\u00f3 a la aparici\u00f3n en territorio colombiano de las inversiones norteamericanas, a partir de la d\u00e9cada del 20, en forma de empresas extractivas y luego se extendi\u00f3 a todo tipo de empresas. Por ello, los se\u00f1ores auditores externos debieron desplazarse para informar a sus casas matrices acerca de lo que estaba ocurriendo con sus inversiones en Colombia. <br>\n\nLuego, en 1956 se reglament\u00f3 nuevamente, a trav\u00e9s del decreto 2373. Reglamentaci\u00f3n esta que debi\u00f3 ser confirmada por el Congreso de la Rep\u00fablica, despu\u00e9s de la caida del dictador Rojas Pinilla. Finalmente, mediante la Ley 145 de 1960 se reglamenta de manera definitiva la profesi\u00f3n, reglamentaci\u00f3n \u00e9sta que solo ha sido reformada con la Ley 43 de 1990.\n <br>\nTodas estas reglamentaciones han estado precedidas de un gran forcejeo entre los contadores colombianos que defienden, de un lado, una profesi\u00f3n libre de la injerencia extranjera y, del otro, quienes lo patrocinan. <br>\n\nDado el grado de madurez de los contadores en conflicto, las diferencias que siguen existiendo se manejan en un plano de di\u00e1logo. Sin embargo, el sector nacionalista de la profesi\u00f3n manifiesta reservarse el derecho que le asiste de seguir luchando por lograr que la ley proteja a los contadores colombianos en igualdad de condiciones a los extranjeros que en sus respectivos paises sus leyes lo hagan para con los colombianos. <br>\n\nLa discusi\u00f3n contin\u00faa y hay motivos suficientes para pensar que el presente y futuro de la Contadur\u00eda P\u00fablica en Colombia est\u00e1 en ascenso, tanto desde el punto de vista t\u00e9cnico-cient\u00edfico como desde el gremial. <br>\n\nHemos querido con esta P\u00e1gina Web rendir un homenaje a todos los contadores p\u00fablicos colombianos. Felicitaciones a todos en su d\u00eda. <br>\n\nQue viva el primero de marzo, D\u00eda del Contador P\u00fablico Colombiano. <br>\n\nJack Alberto Araujo, Director<\/p> <br>\n\n\n\n\n\n\nHay quienes manifiestan que el nacionalismo se encuentra en decadencia, dada la nueva situaci\u00f3n planteada por el globalismo; que ya no tienen sentido las posturas nacionalistas; que el globalismo lo ha sustituido todo, y que al ser estos contrarios se es globalista o nacionalista.\n\n\n\n\n<p style=\"text-align: justify;\">Hay quienes manifiestan que el nacionalismo se encuentra en decadencia, dada la\nnueva situaci\u00f3n planteada por el globalismo; que ya no tienen sentido las posturas\nnacionalistas; que el globalismo lo ha sustituido todo, y que al ser estos contrarios se\nes globalista o nacionalista.\nEs cierto que hablar de globalismo y de nacionalismo es estar hablando de dos cosas\ncompletamente opuestas pero no por ello excluyentes, incluso, armonizan , se\ncomplementan, el uno le da sentido al otro, por cuanto como todos sabemos, los\ncontrarios si bien luchan entre si, rivalizan entre si, al mismo tiempo el uno debe su\nexistencia al otro y por lo tanto no puede eliminar al contrario por cuanto ser\u00eda\neliminarse asimismo.\nAnte esa lucha, pero al mismo tiempo ante esa imposibilidad de eliminarse, terminan\ncoexistiendo y armonizando. Esto es siempre el final de los contrarios. Es as\u00ed como\nentonces las partes coexisten con el todo, lo general con lo individual, lo universal con\nlo particular y del mismo modo lo global con lo nacional.\nEntonces, me parece que hay que tener un poco de cuidado en la construcci\u00f3n que\nhagamos la percepci\u00f3n que tengamos de lo nacional y lo global. Es importante al\nmismo tiempo anotar que, desde el punto de vista nacional, debemos mantener y\nconservar nuestra identidad, luchar por ella, pero esto sin detrimento, sin negar que la\nglobalizaci\u00f3n aporta, enriquece lo nacional pero sin pensar que este ha de sustituir a\naqu\u00e9l. No podemos entregar lo nuestro para recibir lo de fuera por el destello que nos\nproduce. En ese sentido hay que tener cuidado. Yo pienso que lo nuestro tiene valor y\nque hay que defenderlo.\nAplicando todo esto a la cultura, dir\u00eda que nuestra cultura debemos cuidarla\nprotegerla, consumirla amarla pero al mismo tiempo estar en condiciones de asimilar\notras culturas. Al fin y al cabo las otras culturas tambi\u00e9n tienen cosas buenas que nos\npueden aportar y enriquecer. En ese sentido no veo c\u00f3mo no podamos disfrutar de un\nconcierto de Michael Jackson o de Pavarotti del mismo modo que disfrutamos un\nconcierto de vallenatos y de cumbias.\nAntes, el nacionalismo era un nacionalismo ciego o radical, manifiesto entonces en el\nrechazo a cualquier tipo de intervenci\u00f3n extranjera de cualquier tipo de participaci\u00f3n\nde los extranjeros en nuestro pa\u00eds. Grit\u00e1bamos consignas de rechazo quem\u00e1bamos\nbanderas norteamericanas y sal\u00edamos a las calles a\nprotestar contra cualquier manifestaci\u00f3n extranjera en nuestro pais. Yo creo que\nel nacionalismo de hoy no est\u00e1 por eso, ha perdido su radicalismo, ha perdido\nsu &#8216;ismo&#8221; y se ha convertido en nacional Pero debemos conservar nuestra\npostura en defensa de lo nacional, de nuestros valores aut\u00f3ctonos al tiempo que\nser permeables ante la participaci\u00f3n extranjera en la medida en que ella aporte y\nhttp:\/\/www.jackaraujo.net\nnos haga ser mas de lo que somos, nos permita tener m\u00e1s de lo que tenemos y\nposibilite avanzar del punto en donde nos encontramos. Todo lo cu\u00e1l debe\nnecesariamente hacerse en reconocimiento de los principios de igualdad,\nautodeterminaci\u00f3n, y respeto a nuestra soberan\u00eda nacional. Todo ello posibilita\nun nacionalismo sano de nuevo tipo.\nDemos otro ejemplo que nos permite ilustrar mejor lo que significamos\ncuando decimos: adoptar una posici\u00f3n nacionalista. Es creer en nuestros\nvalores:\nMateriales, culturales, sociales, profesionales, cient\u00edficos, art\u00edsticos, folkl\u00f3ricos,\nhumanos. Ejemplo: Gabriel Garc\u00eda M\u00e1rquez fue capaz, a partir de nuestra\npropia realidad, aportar a la literatura universal. El mundo entero es capaz de\nnutrirse de esa literatura macondiana hecha aqu\u00ed en nuestro pa\u00eds con nuestra\npropia realidad escritas en nuestras propias calles hablando de su familia, de\nsu abuelo, de su pueblo, sus costumbres creencias. fantas\u00edas y por nuestra\npropia gente pero con capacidad de conmover al mundo entero.\n\u2022 Igualmente es el caso de Botero quien fue capaz de meter en un lienzo\nnuestra realidad: su gente, su costumbre, las calles y el acontecer cotidiano\nde Medell\u00edn y de ese modo conmover el arte universal poniendo a las gentes\nde las grandes metr\u00f3polis como Nueva York, Par\u00eds y Tokio a consumir\nnuestro arte nacional.\nEs el caso tambi\u00e9n en el \u00e1mbito cient\u00edfico de Elkin Patarroyo quien con su\nmentalidad Nacionalista usando nuestra gente como investigadores, en sus\npropios laboratorios logr\u00f3 aportar a la ciencia universal soluciones a grandes\nproblemas mundiales.\nEs tambi\u00e9n el caso de los profesores de la Facultad de Medicina de la Universidad\nde Antioquia cuando con su trabajo y esfuerzos propios han sido capaces de aportar\na las curaciones de los enfermos de Alzheimer. Y son muchos otros los casos a\ncitar.\nDe igual manera nosotros en la contadur\u00eda tenemos que hacer eso. Sin renunciar a\nlo que tenemos, a nuestra propia cultura contable, esa que hemos construido\nnosotros mismos, Pero al mismo tiempo saber asimilar lo bueno que nos llega de\nafuera. No enajenarnos por un sentido meramente globalizante.\nTengo para poner tres ejemplos en el caso de la contadur\u00eda.\nPrimero. La Revisor\u00eda Fiscal es parte de nuestra cultura, eso solo existe en nuestro\npa\u00eds, esa figura no existe en otros pa\u00edses y los norteamericanos nos quieren\nimponer la Auditor\u00eda Externa a cambio de la Revisor\u00eda Fiscal.\nImponer la una a costa de la otra, es algo que desde ning\u00fan punto de vista,\npodemos admitir.\nhttp:\/\/www.jackaraujo.net\nSegundo. Ellos tambi\u00e9n quieren que nosotros le permitamos ejercer como\ncontadores en Colombia pero sin que nosotros como colombianos podamos ejercer\nen el pa\u00eds de ellos. Lo cual no consulta la equidad, el equilibrio, ni la armon\u00eda.\nTercero. Del mismo modo en lo acad\u00e9mico, se nos quiere imponer una formaci\u00f3n\nt\u00e9cnica neg\u00e1ndonos la posibilidad de una formaci\u00f3n integral en la que se privilegie\nel saber. Siendo que nosotros, si en algo hemos aportado al desarrollo de la\ncontadur\u00eda en nuestro pa\u00eds, es justamente en ese terreno.\nDesde hace veinte a\u00f1os, por lo menos, hemos estado trabajando y construyendo\nalternativas para la globalizaci\u00f3n. Nos hemos estado preparando para dar ese paso\nsobre seguro, sin improvisaciones, sin riesgos mayores y con posibilidades de \u00e9xito,\nde aportar m\u00e1s que recibir. No nos dejemos cegar por todo lo que brillando nos viene\ndel extranjero. Recuerden, no todo lo que brilla es oro y antes de tomar una decisi\u00f3n\nhay que sopesarla muy bien.<\/p>\n\n\n\n\n\n\n","protected":false},"excerpt":{"rendered":"","protected":false},"author":1,"featured_media":0,"parent":0,"menu_order":0,"comment_status":"closed","ping_status":"closed","template":"","meta":{"pagelayer_contact_templates":[],"_pagelayer_content":"","footnotes":""},"class_list":["post-43","page","type-page","status-publish","hentry"],"_links":{"self":[{"href":"https:\/\/jackaraujo.com\/primeromarzo\/wp-json\/wp\/v2\/pages\/43","targetHints":{"allow":["GET"]}}],"collection":[{"href":"https:\/\/jackaraujo.com\/primeromarzo\/wp-json\/wp\/v2\/pages"}],"about":[{"href":"https:\/\/jackaraujo.com\/primeromarzo\/wp-json\/wp\/v2\/types\/page"}],"author":[{"embeddable":true,"href":"https:\/\/jackaraujo.com\/primeromarzo\/wp-json\/wp\/v2\/users\/1"}],"replies":[{"embeddable":true,"href":"https:\/\/jackaraujo.com\/primeromarzo\/wp-json\/wp\/v2\/comments?post=43"}],"version-history":[{"count":12,"href":"https:\/\/jackaraujo.com\/primeromarzo\/wp-json\/wp\/v2\/pages\/43\/revisions"}],"predecessor-version":[{"id":82,"href":"https:\/\/jackaraujo.com\/primeromarzo\/wp-json\/wp\/v2\/pages\/43\/revisions\/82"}],"wp:attachment":[{"href":"https:\/\/jackaraujo.com\/primeromarzo\/wp-json\/wp\/v2\/media?parent=43"}],"curies":[{"name":"wp","href":"https:\/\/api.w.org\/{rel}","templated":true}]}}