{"id":15,"date":"2024-03-01T06:13:38","date_gmt":"2024-03-01T06:13:38","guid":{"rendered":"https:\/\/jackaraujo.com\/primerodemarzo2024\/?page_id=15"},"modified":"2024-03-01T10:38:28","modified_gmt":"2024-03-01T10:38:28","slug":"home","status":"publish","type":"page","link":"https:\/\/jackaraujo.com\/primerodemarzo2024\/","title":{"rendered":"HOME"},"content":{"rendered":"\n\n\n<h2><strong>VIDEOS SOBRE EL PRIMERO DE MARZO<\/strong><\/h2>\n\n\n\n\n\n\n\n\n\n\n\n\n\n\n\n\n\n\n\n\n\n\n\n\n\n\n\n\n\n\n<h2><strong>ARTICULOS SOBRE EL PRIMERO DE MARZO<\/strong><\/h2>\n\n\n\n\nCumple 43 a\u00f1os la celebraci\u00f3n del d\u00eda del contador p\u00fablico colombiano. Muchas son las experiencias recogidas en ese per\u00edodo. Es comprensible entonces que en un espacio tan corto, como son estas pocas p\u00e1ginas, solo cabr\u00eda lo esencial de lo esencial. Intentaremos esa haza\u00f1a.\n\n\nCon motivo de celebrarse ma\u00f1ana 1\u00ba DE MARZO, EL D\u00cdA DEL CONTADOR P\u00daBLICO COLOMBIANO, me permito hacer la siguiente reflexi\u00f3n acerca de nuestra profesi\u00f3n.\n\n\nHay quienes manifiestan que el nacionalismo se encuentra en decadencia, dada la nueva situaci\u00f3n planteada por el globalismo; que ya no tienen sentido las posturas nacionalistas; que el globalismo lo ha sustituido todo, y que al ser estos contrarios se es globalista o nacionalista.\n\n\n","protected":false},"excerpt":{"rendered":"","protected":false},"author":1,"featured_media":0,"parent":0,"menu_order":0,"comment_status":"closed","ping_status":"closed","template":"","meta":{"pagelayer_contact_templates":[],"_pagelayer_content":"","footnotes":""},"class_list":["post-15","page","type-page","status-publish","hentry"],"_links":{"self":[{"href":"https:\/\/jackaraujo.com\/primerodemarzo2024\/wp-json\/wp\/v2\/pages\/15","targetHints":{"allow":["GET"]}}],"collection":[{"href":"https:\/\/jackaraujo.com\/primerodemarzo2024\/wp-json\/wp\/v2\/pages"}],"about":[{"href":"https:\/\/jackaraujo.com\/primerodemarzo2024\/wp-json\/wp\/v2\/types\/page"}],"author":[{"embeddable":true,"href":"https:\/\/jackaraujo.com\/primerodemarzo2024\/wp-json\/wp\/v2\/users\/1"}],"replies":[{"embeddable":true,"href":"https:\/\/jackaraujo.com\/primerodemarzo2024\/wp-json\/wp\/v2\/comments?post=15"}],"version-history":[{"count":19,"href":"https:\/\/jackaraujo.com\/primerodemarzo2024\/wp-json\/wp\/v2\/pages\/15\/revisions"}],"predecessor-version":[{"id":57,"href":"https:\/\/jackaraujo.com\/primerodemarzo2024\/wp-json\/wp\/v2\/pages\/15\/revisions\/57"}],"wp:attachment":[{"href":"https:\/\/jackaraujo.com\/primerodemarzo2024\/wp-json\/wp\/v2\/media?parent=15"}],"curies":[{"name":"wp","href":"https:\/\/api.w.org\/{rel}","templated":true}]}}